{"id":3676,"date":"2012-09-20T11:16:31","date_gmt":"2012-09-20T11:16:31","guid":{"rendered":"http:\/\/www.goethepanzer.de\/?page_id=3676"},"modified":"2012-09-20T11:23:44","modified_gmt":"2012-09-20T11:23:44","slug":"kirgistan-2","status":"publish","type":"page","link":"http:\/\/www.1yearoff.karstenmontag.de\/?page_id=3676","title":{"rendered":"Kirgistan"},"content":{"rendered":"<p>Mit einem Wohnmobil oder Expeditionsfahrzeug kann man sich in Kirgistan fast \u00fcberall bedenkenlos hinstellen. Die d\u00fcnne Besiedlung macht es m\u00f6glich. Am Issyk-Kul sind die Uferpl\u00e4tze leider teilweise sehr verm\u00fcllt oder touristisch erschlossen. Daher hier ein Tipp einer relativ guten Stelle in der Mitte der S\u00fcdseite des Sees.<\/p>\n<p><strong>Issyk-Kul, Kirgistan<\/strong><br \/>\nStellplatz am Strand<\/p>\n<p><a href=\"http:\/\/www.1yearoff.goethepanzer.de\/wp-content\/uploads\/2012\/08\/k-DSCN5332.jpg\"><img loading=\"lazy\" decoding=\"async\" title=\"k-DSCN5332\" src=\"http:\/\/www.1yearoff.goethepanzer.de\/wp-content\/uploads\/2012\/08\/k-DSCN5332-150x150.jpg\" alt=\"\" width=\"150\" height=\"150\" \/><\/a> \u00a0<a href=\"http:\/\/www.1yearoff.goethepanzer.de\/wp-content\/uploads\/2012\/08\/k-DSCN5333.jpg\"><img loading=\"lazy\" decoding=\"async\" class=\"alignnone size-thumbnail wp-image-3340\" title=\"k-DSCN5333\" src=\"http:\/\/www.1yearoff.goethepanzer.de\/wp-content\/uploads\/2012\/08\/k-DSCN5333-150x150.jpg\" alt=\"\" width=\"150\" height=\"150\" \/><\/a><\/p>\n<p>Geodaten: <a href=\"http:\/\/maps.google.com\/maps?q=42.178100,77.274700\" target=\"_blank\">42.178100,77.274700<\/a><br \/>\nVorz\u00fcge: sch\u00f6ner Strand, glasklares Wasser, wenig verm\u00fcllt<br \/>\nNachteile: wenig Schatten, Stra\u00dfe h\u00f6r- und sehbar (wie \u00fcberall an der S\u00fcdseite), 10 Meter etwas tieferer Sand in der Zufahrt (Sandbleche oder Allradantrieb notwendig)<br \/>\nN\u00fctzliches: Trinkwasser in einem nahegelegenen Dorf an einem Wasserhahn, der an einer Rohrleitung angebracht ist: <a href=\"http:\/\/maps.google.com\/maps?q=42.137123,77.180486\" target=\"_blank\">42.137123,77.180486<\/a>. Im Dorf kann man auch relativ g\u00fcnstig einkaufen.<br \/>\nSonstiges: Internet so gerade mit Megacom-SIM-Karte \u00fcber GPRS<br \/>\nStand: 26.08.2012<\/p>\n","protected":false},"excerpt":{"rendered":"<p>Mit einem Wohnmobil oder Expeditionsfahrzeug kann man sich in Kirgistan fast \u00fcberall bedenkenlos hinstellen. Die d\u00fcnne Besiedlung macht es m\u00f6glich. Am Issyk-Kul sind die Uferpl\u00e4tze leider teilweise sehr verm\u00fcllt oder touristisch erschlossen. Daher hier ein Tipp einer relativ guten Stelle &hellip; <a href=\"http:\/\/www.1yearoff.karstenmontag.de\/?page_id=3676\">Weiterlesen <span class=\"meta-nav\">&rarr;<\/span><\/a><\/p>\n","protected":false},"author":1,"featured_media":0,"parent":0,"menu_order":0,"comment_status":"open","ping_status":"open","template":"","meta":{"footnotes":""},"class_list":["post-3676","page","type-page","status-publish","hentry"],"_links":{"self":[{"href":"http:\/\/www.1yearoff.karstenmontag.de\/index.php?rest_route=\/wp\/v2\/pages\/3676","targetHints":{"allow":["GET"]}}],"collection":[{"href":"http:\/\/www.1yearoff.karstenmontag.de\/index.php?rest_route=\/wp\/v2\/pages"}],"about":[{"href":"http:\/\/www.1yearoff.karstenmontag.de\/index.php?rest_route=\/wp\/v2\/types\/page"}],"author":[{"embeddable":true,"href":"http:\/\/www.1yearoff.karstenmontag.de\/index.php?rest_route=\/wp\/v2\/users\/1"}],"replies":[{"embeddable":true,"href":"http:\/\/www.1yearoff.karstenmontag.de\/index.php?rest_route=%2Fwp%2Fv2%2Fcomments&post=3676"}],"version-history":[{"count":3,"href":"http:\/\/www.1yearoff.karstenmontag.de\/index.php?rest_route=\/wp\/v2\/pages\/3676\/revisions"}],"predecessor-version":[{"id":3679,"href":"http:\/\/www.1yearoff.karstenmontag.de\/index.php?rest_route=\/wp\/v2\/pages\/3676\/revisions\/3679"}],"wp:attachment":[{"href":"http:\/\/www.1yearoff.karstenmontag.de\/index.php?rest_route=%2Fwp%2Fv2%2Fmedia&parent=3676"}],"curies":[{"name":"wp","href":"https:\/\/api.w.org\/{rel}","templated":true}]}}