{"id":3207,"date":"2012-08-05T03:37:11","date_gmt":"2012-08-05T03:37:11","guid":{"rendered":"http:\/\/www.goethepanzer.de\/?page_id=3207"},"modified":"2012-09-20T11:26:19","modified_gmt":"2012-09-20T11:26:19","slug":"kasachstan-2","status":"publish","type":"page","link":"http:\/\/www.1yearoff.karstenmontag.de\/?page_id=3207","title":{"rendered":"Kasachstan"},"content":{"rendered":"<p>Politische Lage und Sicherheit<\/p>\n<ul>\n<li>Kasachstan ist auf dem besten Wege in eine Diktatur. Mehr dazu unter: <a href=\"http:\/\/de.wikipedia.org\/wiki\/Kasachstan\" target=\"_blank\">Wikipedia<\/a>, <a href=\"http:\/\/www.sueddeutsche.de\/politik\/bundesregierung-schliesst-abkommen-mit-kasachstan-merkel-hebt-den-schatz-aus-der-steppe-1.1278456\" target=\"_blank\">S\u00fcddeutsche<\/a>, <a href=\"http:\/\/www.zeit.de\/politik\/ausland\/2012-02\/kasachstan-nasarbajew-merkel\" target=\"_blank\">Zeit<\/a>. Als Tourist sp\u00fcrt man das durch viele Polizeikontrollen.<\/li>\n<li>Bis auf die teilweise riskante Fahrweise in den St\u00e4dten und Abzockversuche der Polizei ist das Land sehr sicher. Keine einzige negative Erfahrung in zwei Monaten.<\/li>\n<\/ul>\n<p>Einreise<\/p>\n<ul>\n<li>Visumspflicht<\/li>\n<li>Zollerkl\u00e4rung f\u00fcr Fahrzeuge nur in Russland, da Russland, Wei\u00dfrussland und Kasachstan eine Zollunion bilden<\/li>\n<li>Registrierung nach Grenz\u00fcbertritt innerhalb von 5 Tagen in einer Migrationsbeh\u00f6rde (Atyrau: <a href=\"http:\/\/maps.google.com\/maps?q=47.093727,51.921031\" target=\"_blank\">47.093727,51.921031<\/a>, Almaty: <a href=\"http:\/\/maps.google.com\/maps?q=43.250310,76.925000\" target=\"_blank\">43.250310,76.925000<\/a>, Astana: <a href=\"http:\/\/maps.google.com\/maps?q=51.170990,71422230\" target=\"_blank\">51.170990,71422230<\/a>), sonst Probleme bei Ausreise, Kontrollen etc.<\/li>\n<li>Hunde: Grenz\u00fcbertritt kein Problem, da Zollunion mit Russland. F\u00fcr Grenz\u00fcbertritt nach Russland vorher (max. 48 Stunden) Gesundheitszeugnis bei Tierarzt ausstellen lassen (z.B. in der Ukraine: <a href=\"http:\/\/maps.google.com\/maps?q=45.360320,36.515280\" target=\"_blank\">45.360320,36.515280<\/a>)<\/li>\n<\/ul>\n<p>Fahrzeug<\/p>\n<ul>\n<li>Gel\u00e4ndeg\u00e4ngige Fahrzeuge sind von Vorteil aber nicht notwendig. Viel Bodenfreiheit ist jedoch ratsam, wenn man auch Nebenstrecken befahren will.<\/li>\n<li>G\u00e4ngige deutsche Autotypen in Kasachstan sind alle neueren Modelle von VW, Mercedes, Audi und BMW. H\u00e4ufig gefahren werden der Audi 100 ab Baujahr 1982, der VW Passat 35i und der Mercedes Benz E ab Baujahr 1984. Auch h\u00e4ufig zu sehen sind MB Sprinter, MB T1, MB 609, zudem viele japanische und koreanische Fahrzeuge. Selten sieht man einen Opel Vectra oder Omega, manchmal einen Ford Galaxy oder einen VW T3. Andere eurp\u00e4ische Fabrikate wie Peugeot, Renault, Volvo, Seat, Skoda, Fiat etc. findet man dagegen gar nicht.<\/li>\n<\/ul>\n<p>Polizei<\/p>\n<ul>\n<li>Auch tags\u00fcber mit Abblendlicht fahren und an jedem Stoppschild anhalten, sonst \u00c4rger bei Polizeikontrollen. Oft lauert die Polizei in Privatfahrzeugen hinter unsinnigen Stoppschildern. Dies kann man z.B. bereits unmittelbar hinter dem Grenz\u00fcbergang bei Astrachan erfahren.<\/li>\n<li>Polizeikontrollen an den Ausfahrtstra\u00dfen der St\u00e4dte, an Bahn\u00fcberg\u00e4ngen in Stadtn\u00e4he, an gro\u00dfen Kreuzungen und Territoriumsgrenzen. Mit auff\u00e4lligen Fahrzeugen wird man fast immer angehalten, d.h. bei viel Fahrstrecke mind. einmal pro Tag.<\/li>\n<li>Radarkontrollen auff\u00e4llig h\u00e4ufig im S\u00fcden des Landes zwischen Schymkent und Almaty.<\/li>\n<li>Bei Abzockversuchen der Polizei niemals den geforderten Betrag von meistens 5.000 Tenge (ca. 30 Euro) zahlen. Dieser wandert sofort in die Taschen der Polizisten. Einen offiziellen Strafzettel (Quittanzia) fordern und mit der deutschen Botschaft (Pasolstwa Germania) drohen. Meistens wird man dann weitergeschickt oder kommt mit einem viel niedrigeren Bestechungsgeld davon.<\/li>\n<li>Die wichtigsten russischen Begriffe im Umgang mit der Polizei: siehe Artikel <a href=\"http:\/\/www.1yearoff.goethepanzer.de\/?p=2920\">Policetalk<\/a><\/li>\n<\/ul>\n<p>Autoversicherung (Strachovania)<\/p>\n<ul>\n<li>Keine Haftplicht, aber Versicherung sinnvoll, da h\u00e4ufig von der Polizei verlangt. Versicherung f\u00fcr 3 Monate umgerechnet ca. 30 Euro. Erh\u00e4ltlich \u00fcberall in kleinen Versicherungsb\u00fcros in den St\u00e4dten.<\/li>\n<\/ul>\n<p>LPG\/Autogas, Gas f\u00fcr Campingflaschen<\/p>\n<ul>\n<li>LPG\/Autogas-Tankstellen in der Regel in allen St\u00e4dten ab 20.000 Einwohnern vorhanden. Adapter f\u00fcr M10-Gewinde und deutsche Campinggasflaschen mit Linksgewinde nach unserer Erfahrung an jeder Tankstelle vorhanden (5 kg = 12 Liter, 11 kg = 27 Liter).<\/li>\n<li>LPG\/Autogas-Tankstellen:<\/li>\n<li>Atyrau: <a href=\"http:\/\/maps.google.com\/maps?q=47.133240,51.898730\" target=\"_blank\">47.133240,51.898730<\/a><\/li>\n<li>Akt\u00f6be: <a href=\"http:\/\/maps.google.com\/maps?q=50.249550,57.239950\" target=\"_blank\">50.249550,57.239950<\/a><\/li>\n<li>Aralsk: <a href=\"http:\/\/maps.google.com\/maps?q=46.813960,61.674850\" target=\"_blank\">46.813960,61.674850<\/a><\/li>\n<li>Schymkent: <a href=\"http:\/\/maps.google.com\/maps?q=47.093727,51.921031\" target=\"_blank\">42.357120,69.523540<\/a><\/li>\n<li>Taras: <a href=\"http:\/\/maps.google.com\/maps?q=42.94264,71.304841\" target=\"_blank\">42.94264,71.304841<\/a><\/li>\n<li>Korday: <a href=\"http:\/\/maps.google.com\/maps?q=43.078360,74.704650\" target=\"_blank\">43.078360,74.704650<\/a><\/li>\n<li>Almaty: <a href=\"http:\/\/maps.google.com\/maps?q=43.277590,76.900130\" target=\"_blank\">43.277590,76.900130<\/a><\/li>\n<li>Karaganda: <a href=\"http:\/\/maps.google.com\/maps?q=49.773670,73.157640\" target=\"_blank\">49.773670,73.157640<\/a><\/li>\n<li>Astana: <a href=\"http:\/\/maps.google.com\/maps?q=51.191420,71460140\" target=\"_blank\">51.191420,71460140<\/a><\/li>\n<li>Schtschutschinsk: <a href=\"http:\/\/maps.google.de\/maps?q=52.964912,70.149613\" target=\"_blank\">52.964912,70.149613<\/a><\/li>\n<li>K\u00f6kschetau: <a href=\"http:\/\/maps.google.de\/maps?q=53.308429,69.395526\" target=\"_blank\">53.308429,69.395526<\/a><\/li>\n<li>Bishkul: <a href=\"http:\/\/maps.google.de\/maps?q=54.774158,69.104000\" target=\"_blank\">54.774158,69.104000<\/a><\/li>\n<\/ul>\n<p>Stra\u00dfenverh\u00e4ltnisse:<\/p>\n<ul>\n<li>Lange Nebenstrecken vermeiden oder nur mit gel\u00e4ndeg\u00e4ngigen Fahrzeugen befahren (z.B. Direktverbindung zwischen Atyrau und Akt\u00f6be \u2013 von 500 km ca. 240 km neben der Strecke in der Steppe, f\u00fcr die gesamten 500 km 3-4 Tage Fahrzeit einplanen)<\/li>\n<li>M32 zwischen Akt\u00f6be und Schymkent wird erneuert und fr\u00fchestens M\u00e4rz 2013 fertiggestellt. Derzeit (Juli 2012) ca. 300 Kilometer Behelfsstra\u00dfen (Schotter) neben den Bauarbeiten in einem Zustand, der mit normalen PKWs mit max. 30 km\/h befahrbar ist. Bessere Stra\u00dfen \u00fcber A32 von Karabutak bis Kostanay, dann M36 \u00fcber Astana, allerdings mind. 1.000 km Umweg nach Almaty.<\/li>\n<li>Schotterstrecken belasten die Reifen stark. Reifenpannen sind relativ h\u00e4ufig sichtbar. Kasachische LKWs f\u00fchren daher fast immer zwei Ersatzreifen mit. Empfehlenswert auch f\u00fcr Fahrzeuge mit Stra\u00dfenreifen.<\/li>\n<li>400 km Teilst\u00fcck der M32 zwischen Karabutak und Aralsk fast fertiggestellt (Juli 2012), jedoch keine einzige Tankstelle (sp\u00e4testens bei der Abzweigung M32\/A32 in Karabutak (kein Autogas) tanken und Reservekanister f\u00fcllen).<\/li>\n<li>Autoreparaturen in vielen kleinen Werkst\u00e4tten in den St\u00e4dten g\u00fcnstig. Ersatzteillage f\u00fcr g\u00e4ngige deutsche (VW, Mercedes, Audi, BMW), japanische und koreanische Automodelle gut.<\/li>\n<\/ul>\n<p>Verkehr<\/p>\n<ul>\n<li>Verkehrsregeln: alles vergessen, was man aus Deutschland kennt. Vorfahrt hat derjenige, der vor einem f\u00e4hrt. Gerade in gro\u00dfen St\u00e4dten fahren Besitzer von nagelneuen SUVs und Limousinen wie die Henker. Es wird bei Rot gefahren, abgedr\u00e4ngt, vorgedr\u00e4ngt, gehupt, Vorfahrt missachtet, rechts \u00fcberholt etc. Die Polizei kontrolliert nur die Geschwindigkeit auf Landstra\u00dfen (haupts\u00e4chlich zwischen Schymkent und Almaty) sowie Lappalien wie Stoppschilder an Bahn\u00fcberg\u00e4ngen, Abblendlicht bei Tag und Falschparken.<\/li>\n<li>Einmal begonnene \u00dcberholvorg\u00e4nge werden von kasachischen Fahrern in der Regel durchgezogen, egal ob Gegenverkehr auftaucht. Dann wird eben eine neue Spur aufgemacht. Alle Beteiligte (\u00dcberholender, \u00dcberholter, Gegenverkehr) gehen damit auff\u00e4llig locker um.<\/li>\n<\/ul>\n<p>Wasser<\/p>\n<ul>\n<li>Brauchwasser fast immer an Tankstellen und \u00f6ffentlichen Brunnen in den St\u00e4dten erh\u00e4ltlich<\/li>\n<li>Trinkwasser in Markets, an Quellen und Brunnen<\/li>\n<\/ul>\n<p>Geld<\/p>\n<ul>\n<li>In allen St\u00e4dten ab 20.000 Einwohnern visaf\u00e4hige Bankautomaten.<\/li>\n<li>G\u00e4ngige W\u00e4hrung neben dem Tenge sind der Dollar und der Euro.<\/li>\n<li>Derzeitiger Kurs (Stand: August 2012): 1 Euro = 180 Tenge<\/li>\n<\/ul>\n<p>Internet<\/p>\n<ul>\n<li>Nur wenige \u00f6ffentliche WLAN-Zug\u00e4nge<\/li>\n<li>KCell-USB-Modem und SIM-Karte inkl. 10 GB Transfer f\u00fcr ca. 25 Euro erh\u00e4ltlich (APN: Internet). Au\u00dferhalb der St\u00e4dte GPRS, innerhalb UMTS<\/li>\n<\/ul>\n<p>Poste Restante Almaty:<\/p>\n<ul>\n<li>Adresse: Vorname und Name, Central Post Office \u2013 Poste Restante, Bogenbay Batyr 134, Almaty 050000, Kasachstan<\/li>\n<li>Koordinaten Postamt in Almaty: <a href=\"http:\/\/maps.google.com\/maps?q=43.253000,76.943350\" target=\"_blank\">43.253000,76.943350<\/a><\/li>\n<li>Eine Brief- \/Buchsendung aus Deutschland dauert ca. 3-4 Wochen<\/li>\n<li>Um den Brief abzuholen, zieht man in der Hauptpost zun\u00e4chst eine Nummer. Man w\u00e4hlt an dem Automaten zwischen verschiedenen Aktionen: Brief abholen (priamo picmo, 2. Button von oben, zur Not hilft der Wachmann). Briefe sind am Schalter Nr. 5 hinterlegt. Man erh\u00e4lt sie gegen Vorlage des Passes.<\/li>\n<li>Pakete holt man an einem anderen Schalter ab. Daf\u00fcr sollte man die Paketnummer mitbringen.<\/li>\n<\/ul>\n<p>Stellpl\u00e4tze<\/p>\n<ul>\n<li>siehe hier: <a href=\"http:\/\/www.1yearoff.goethepanzer.de\/?page_id=2999\">Kasachstan<\/a><\/li>\n<\/ul>\n<p>Sonstiges<\/p>\n<ul>\n<li>Russische Enklave Baikonur nur mit Sondererlaubnis betretbar. Diskussionen mit Beamten fruchtlos.<\/li>\n<li>Russischkenntnisse notwendig. Junge Menschen sprechen manchmal ein paar Brocken Englisch.<\/li>\n<\/ul>\n","protected":false},"excerpt":{"rendered":"<p>Politische Lage und Sicherheit Kasachstan ist auf dem besten Wege in eine Diktatur. Mehr dazu unter: Wikipedia, S\u00fcddeutsche, Zeit. Als Tourist sp\u00fcrt man das durch viele Polizeikontrollen. Bis auf die teilweise riskante Fahrweise in den St\u00e4dten und Abzockversuche der Polizei &hellip; <a href=\"http:\/\/www.1yearoff.karstenmontag.de\/?page_id=3207\">Weiterlesen <span class=\"meta-nav\">&rarr;<\/span><\/a><\/p>\n","protected":false},"author":1,"featured_media":0,"parent":0,"menu_order":0,"comment_status":"open","ping_status":"open","template":"","meta":{"footnotes":""},"class_list":["post-3207","page","type-page","status-publish","hentry"],"_links":{"self":[{"href":"http:\/\/www.1yearoff.karstenmontag.de\/index.php?rest_route=\/wp\/v2\/pages\/3207","targetHints":{"allow":["GET"]}}],"collection":[{"href":"http:\/\/www.1yearoff.karstenmontag.de\/index.php?rest_route=\/wp\/v2\/pages"}],"about":[{"href":"http:\/\/www.1yearoff.karstenmontag.de\/index.php?rest_route=\/wp\/v2\/types\/page"}],"author":[{"embeddable":true,"href":"http:\/\/www.1yearoff.karstenmontag.de\/index.php?rest_route=\/wp\/v2\/users\/1"}],"replies":[{"embeddable":true,"href":"http:\/\/www.1yearoff.karstenmontag.de\/index.php?rest_route=%2Fwp%2Fv2%2Fcomments&post=3207"}],"version-history":[{"count":14,"href":"http:\/\/www.1yearoff.karstenmontag.de\/index.php?rest_route=\/wp\/v2\/pages\/3207\/revisions"}],"predecessor-version":[{"id":3681,"href":"http:\/\/www.1yearoff.karstenmontag.de\/index.php?rest_route=\/wp\/v2\/pages\/3207\/revisions\/3681"}],"wp:attachment":[{"href":"http:\/\/www.1yearoff.karstenmontag.de\/index.php?rest_route=%2Fwp%2Fv2%2Fmedia&parent=3207"}],"curies":[{"name":"wp","href":"https:\/\/api.w.org\/{rel}","templated":true}]}}