{"id":2822,"date":"2012-07-04T11:20:20","date_gmt":"2012-07-04T11:20:20","guid":{"rendered":"http:\/\/www.goethepanzer.de\/?page_id=2822"},"modified":"2012-07-15T04:18:04","modified_gmt":"2012-07-15T04:18:04","slug":"juli-2012","status":"publish","type":"page","link":"http:\/\/www.1yearoff.karstenmontag.de\/?page_id=2822","title":{"rendered":"Juli 2012"},"content":{"rendered":"<p>14.07.2012: 20.820 km (Bustacho: 82.130),\u00a0Ile-Alatau National Park, Almaty, Kasachstan (Geodaten: <a href=\"http:\/\/maps.google.com\/maps?q=43.100482,76.946754\" target=\"_blank\">43.100482,76.946754<\/a>):<br \/>\nAm Standplatz geblieben. R\u00fccklicht am Anh\u00e4nger repariert, Frontscheibe abgedichtet und Auspuff abgedichtet.<\/p>\n<p>13.07.2012: 20.820 km (Bustacho: 82.130),\u00a0Ile-Alatau National Park, Almaty, Kasachstan (Geodaten: <a href=\"http:\/\/maps.google.com\/maps?q=43.100482,76.946754\" target=\"_blank\">43.100482,76.946754<\/a>):<br \/>\nMotorrad aus der Werkstatt abgeholt. Kettenspanner ist ausgeleiert und m\u00fcsste ersetzt werden. Der Mechaniker hat den Spanner ausgebaut und gereinigt, so dass kein Klackern mehr zu h\u00f6ren ist. Reparatur mache ich in Deutschland. Gebrochene Gep\u00e4ckhalterung am Motorrad schwei\u00dfen lassen. Guten Stellplatz im Nationalpark gefunden, allerdings 4,50 Euro Eintritt.<\/p>\n<p>12.07.2012: 20.790 km (Bustacho: 82.100),\u00a0Ile-Alatau National Park, Almaty, Kasachstan (Geodaten: <a href=\"http:\/\/maps.google.com\/maps?q=43.174012,77.014414\" target=\"_blank\">43.174012,77.014414<\/a>):<br \/>\nNeue Reifen hinten aufziehen und Spur einstellen lassen. Auf der Suche nach einem Standplatz in einem Skigebiet hat der Wagen die Steigung nicht gepackt. Umgekehrt und Standplatz weiter unten gefunden.<\/p>\n<p>11.07.2012: 20.710 km (Bustacho: 82.020), Almaty, Kasachstan (Geodaten: <a href=\"http:\/\/maps.google.com\/maps?q=43.295621,76.930922\" target=\"_blank\">43.295621,76.930922<\/a>):<br \/>\nMotorrad macht auch noch Faxen. Lautes Klackern im Motor. Wahrscheinlich Steuerkettenspanner. Heute das Motorrad zu einer Werkstatt gebracht, eingekauft und Reifenhandel gesucht. M\u00fcllstandplatz in der N\u00e4he des Reifenhandels, da es schon 20.00 Uhr war. Morgen geht&#8217;s weiter.<\/p>\n<p>10.07.2012: 20.635 km (Bustacho: 81.945), in den Bergen s\u00fcdlich von Almaty, Kasachstan (Geodaten: <a href=\"http:\/\/maps.google.com\/maps?q=43.110884,76.919031\" target=\"_blank\">43.110884,76.919031<\/a>):<br \/>\nStandplatz s\u00fcdlich von Almaty gefunden. Gerade einmal 15 km von der Innenstadt entfernt, jedoch 400 H\u00f6henmeter h\u00f6her und relativ unbelebt.<\/p>\n<p>09.07.2012: 20.620 km (Bustacho: 81.930), Almaty, Kasachstan (Geodaten: <a href=\"http:\/\/maps.google.com\/maps?q=43.199248,76.896847\" target=\"_blank\">43.199248,76.896847<\/a>):<br \/>\nWir haben in den letzten Tagen ziemlich dran gezogen und sind in Almaty angekommen. 3 Wochen Zeit, um einen vern\u00fcnftigen Standplatz zu finden und das Auto zu \u00fcberholen, bevor es nach Kirgistan geht.<\/p>\n<p>08.07.2012: 20.260 km (Bustacho: 81.570), zwischen Taras und Almaty, Kasachstan (Geodaten: <a href=\"http:\/\/maps.google.com\/maps?q=43.255205,73.429649\" target=\"_blank\">43.255205,73.429649<\/a>):<br \/>\nStandplatz neben der Stra\u00dfe.<\/p>\n<p>06.07.2012: 19.950 km (Bustacho: 81.260), Teris-Asjibulakskoye-Wasserreservoir bei Taras, Kasachstan (Geodaten: <a href=\"http:\/\/maps.google.com\/maps?q=42.684391,70.934243\" target=\"_blank\">42.684391,70.934243<\/a>):<br \/>\nEin Tag Reisepause an einem See. Keine 600 km mehr bis Almaty.<\/p>\n<p>05.07.2012: 19.680 km (Bustacho: 80.990), M32 zwischen Turkestan und Schimkent, Kasachstan (Geodaten: <a href=\"https:\/\/maps.google.com\/maps?q=43.032761,68.761439\" target=\"_blank\">43.032761,68.761439<\/a>):<br \/>\nNach der Einladung bei einer kasachischen Gro\u00dffamilie in Turkestan wieder einen dieser Standpl\u00e4tze neben der Stra\u00dfe aufgesucht.<\/p>\n<p>04.07.2012: 19.390 km (Bustacho: 80.700), M32 zwischen\u00a0Qysylorda und Turkestan, Kasachstan (Geodaten: <a href=\"https:\/\/maps.google.com\/maps?q=44.301493,66.525035\" target=\"_blank\">44.301493,66.525035<\/a>):<br \/>\nViel gefahren. In Qysylorda einen UMTS-Modem mit SIM-Karte von KCell erstanden (10 GB f\u00fcr 23 Euro). Jetzt haben wir permanent Internet im Bus.<\/p>\n<p>03.07.2012: 19.160 km (Bustacho: 80.470), M32 zwischen Baikonur und Qysylorda, Kasachstan (Geodaten: <a href=\"https:\/\/maps.google.com\/maps?q=45.205505,64.147596\" target=\"_blank\">45.205505,64.147596<\/a>):<br \/>\nWerkstatt hat f\u00fcr 17 Euro das Gewinde an der Spurstange nachgedreht und die Spur eingestellt. Allerdings musste ich den Jungs zeigen, wie das am LT geht. Autoversicherung abgeschlossen.<\/p>\n<p>02.07.2012: 18.940 km (Bustacho: 80.250), An der M32 kurz vor Baikonur, Kasachstan (Geodaten: <a href=\"https:\/\/maps.google.com\/maps?q=45.797781,62.689312\" target=\"_blank\">45.797781,62.689312<\/a>):<br \/>\nVolle Granate nach einer Bodenwelle mit der Aufh\u00e4ngung der Sturzstange auf die Stra\u00dfe geknallt. Sturz und Spur sind verstellt. Beim Versuch die Spur einzustellen, Mutter an der Spurstange dollgedreht. Pers\u00f6nlicher Tiefstpunkt auf der Reise. Spurstange notd\u00fcrftig vor dem Ausr\u00fccken gesichert und Hoffung auf gute Werkstatt am n\u00e4chsten Tag.<\/p>\n<p>01.07.2012: 18.640 km (Bustacho: 79.950), Aralsk, Kasachstan (Geodaten: <a href=\"https:\/\/maps.google.com\/maps?q=46.791216,61.679455\" target=\"_blank\">46.791216,61.679455<\/a>):<br \/>\nAuf der Suche nach dem ehemaligen Hafen in Aralsk zuf\u00e4llig auf zwei junge t\u00fcrkische Ingenieure getroffen, die hier f\u00fcr einen Fischverarbeiter arbeiten. Wir konnten im Hinterhof ihres Hauses \u00fcbernachten und unsere komplette W\u00e4sche bei ihnen waschen.<\/p>\n","protected":false},"excerpt":{"rendered":"<p>14.07.2012: 20.820 km (Bustacho: 82.130),\u00a0Ile-Alatau National Park, Almaty, Kasachstan (Geodaten: 43.100482,76.946754): Am Standplatz geblieben. R\u00fccklicht am Anh\u00e4nger repariert, Frontscheibe abgedichtet und Auspuff abgedichtet. 13.07.2012: 20.820 km (Bustacho: 82.130),\u00a0Ile-Alatau National Park, Almaty, Kasachstan (Geodaten: 43.100482,76.946754): Motorrad aus der Werkstatt abgeholt. Kettenspanner &hellip; <a href=\"http:\/\/www.1yearoff.karstenmontag.de\/?page_id=2822\">Weiterlesen <span class=\"meta-nav\">&rarr;<\/span><\/a><\/p>\n","protected":false},"author":1,"featured_media":0,"parent":0,"menu_order":0,"comment_status":"open","ping_status":"open","template":"","meta":{"footnotes":""},"class_list":["post-2822","page","type-page","status-publish","hentry"],"_links":{"self":[{"href":"http:\/\/www.1yearoff.karstenmontag.de\/index.php?rest_route=\/wp\/v2\/pages\/2822","targetHints":{"allow":["GET"]}}],"collection":[{"href":"http:\/\/www.1yearoff.karstenmontag.de\/index.php?rest_route=\/wp\/v2\/pages"}],"about":[{"href":"http:\/\/www.1yearoff.karstenmontag.de\/index.php?rest_route=\/wp\/v2\/types\/page"}],"author":[{"embeddable":true,"href":"http:\/\/www.1yearoff.karstenmontag.de\/index.php?rest_route=\/wp\/v2\/users\/1"}],"replies":[{"embeddable":true,"href":"http:\/\/www.1yearoff.karstenmontag.de\/index.php?rest_route=%2Fwp%2Fv2%2Fcomments&post=2822"}],"version-history":[{"count":9,"href":"http:\/\/www.1yearoff.karstenmontag.de\/index.php?rest_route=\/wp\/v2\/pages\/2822\/revisions"}],"predecessor-version":[{"id":2862,"href":"http:\/\/www.1yearoff.karstenmontag.de\/index.php?rest_route=\/wp\/v2\/pages\/2822\/revisions\/2862"}],"wp:attachment":[{"href":"http:\/\/www.1yearoff.karstenmontag.de\/index.php?rest_route=%2Fwp%2Fv2%2Fmedia&parent=2822"}],"curies":[{"name":"wp","href":"https:\/\/api.w.org\/{rel}","templated":true}]}}