{"id":2563,"date":"2012-06-12T14:31:30","date_gmt":"2012-06-12T14:31:30","guid":{"rendered":"http:\/\/www.goethepanzer.de\/?page_id=2563"},"modified":"2012-07-06T04:17:04","modified_gmt":"2012-07-06T04:17:04","slug":"hunde","status":"publish","type":"page","link":"http:\/\/www.1yearoff.karstenmontag.de\/?page_id=2563","title":{"rendered":"Hunde"},"content":{"rendered":"<p>Die Mitnahme von Hunden in die von uns bereisten L\u00e4nder Griechenland, T\u00fcrkei, Bulgarien, Rum\u00e4nien, Moldawien und Ukraine klingt auf dem Papier kompliziert und umst\u00e4ndlich. F\u00fcr die Einreise ben\u00f6tigt man einen EU-Tierpass, einen implantierten Chip, die notwendigen Impfungen und jeweils ein Gesundheitszeugnis vom Amtstierarzt, das nicht \u00e4lter als zehn Tage ist. F\u00fcr die Wiedereinreise in die EU aus tollwutgef\u00e4hrdeten L\u00e4ndern wie z.B. die T\u00fcrkei ist ein Nachweis der Wirksamkeit der Tollwutimpfung, die so genannte Titerwertbestimmung, notwendig. Diesen Nachweis sollte man m\u00f6glichst vor der Einreise in die T\u00fcrkei machen, da es in der T\u00fcrkei nur ein von der EU anerkanntes Labor in Ankara gibt, das ihn durchf\u00fchren kann und da danach noch einmal drei Monate gewartet werden muss. Das sind die offiziellen Bestimmungen.<\/p>\n<p>Unseren Hund, den wir als Welpen in Griechenland aufgegabelt haben, haben wir beim Tierarzt f\u00fcr die weitere Reise vorbereiten lassen. Er wurde gegen Tollwut, Staupe etc. geimpft, bekam einen EU-Tierpass und einen implantierten Chip. Im Tierpass wurde die Gesundheitspr\u00fcfung vom Tierarzt mittels Stempel und Unterschrift belegt. In der T\u00fcrkei haben wir die Titerwertbestimmung in Ankara nachgeholt und sind ohne die dreimonatige Wartezeit und ohne ein aktuelles Gesundheitszeugnis wieder in die EU \u00fcber Bulgarien eingereist. Dies war wider Erwarten vollkommen problemlos, da die Z\u00f6llner lediglich den EU-Tierpass \u00fcberflogen haben. Die Grenzen nach Rum\u00e4nien, Moldawien und in die Ukraine haben wir ohne ein aktuelles Gesundheitszeugnis \u00fcberquert. Auch dies verlief reibungslos.<\/p>\n<p>F\u00fcr die Einreise in die Russische F\u00f6deration haben wir in der F\u00e4hrstadt Kerch bei einem Tierarzt (<a href=\"https:\/\/maps.google.com\/maps?q=45.360318,36.515281\" target=\"_blank\">45.360318,36.515281<\/a>) f\u00fcr umgerechnet 4 Euro ein amtliches Gesundheitszeugnis ausstellen lassen. Nach unserer Information darf dies nur 48 Stunden alt sein. Die Bezahlung verlief etwas kompliziert, da es sich um ein amtliches Dokument handelt. Der Tierarzt gab uns einen Zettel. Damit gingen wir zu einer Bank und zahlten einen Teil der 4 Euro ein. Daf\u00fcr wurde mein Reisepass ben\u00f6tigt. Die Bank h\u00e4ndigte mir eine Quittung aus, die ich wiederum bei dem Tierarzt einreichte. Dort zahlten wir den Rest des Geldes und das Gesundheitszeugnis wurde handschriftlich erstellt und abgestempelt. Die russischen Grenzbeamten interessierten sich f\u00fcr die Papiere. Einige Reisende berichteten, dass sie f\u00fcr die Einreise mit dem Hund an der Grenze Geb\u00fchren zahlen mussten. Uns blieb dies &#8211; vermutlich wegen der Vollst\u00e4ndigkeit unserer Papiere &#8211; erspart.<\/p>\n","protected":false},"excerpt":{"rendered":"<p>Die Mitnahme von Hunden in die von uns bereisten L\u00e4nder Griechenland, T\u00fcrkei, Bulgarien, Rum\u00e4nien, Moldawien und Ukraine klingt auf dem Papier kompliziert und umst\u00e4ndlich. F\u00fcr die Einreise ben\u00f6tigt man einen EU-Tierpass, einen implantierten Chip, die notwendigen Impfungen und jeweils ein &hellip; <a href=\"http:\/\/www.1yearoff.karstenmontag.de\/?page_id=2563\">Weiterlesen <span class=\"meta-nav\">&rarr;<\/span><\/a><\/p>\n","protected":false},"author":1,"featured_media":0,"parent":0,"menu_order":0,"comment_status":"open","ping_status":"open","template":"","meta":{"footnotes":""},"class_list":["post-2563","page","type-page","status-publish","hentry"],"_links":{"self":[{"href":"http:\/\/www.1yearoff.karstenmontag.de\/index.php?rest_route=\/wp\/v2\/pages\/2563","targetHints":{"allow":["GET"]}}],"collection":[{"href":"http:\/\/www.1yearoff.karstenmontag.de\/index.php?rest_route=\/wp\/v2\/pages"}],"about":[{"href":"http:\/\/www.1yearoff.karstenmontag.de\/index.php?rest_route=\/wp\/v2\/types\/page"}],"author":[{"embeddable":true,"href":"http:\/\/www.1yearoff.karstenmontag.de\/index.php?rest_route=\/wp\/v2\/users\/1"}],"replies":[{"embeddable":true,"href":"http:\/\/www.1yearoff.karstenmontag.de\/index.php?rest_route=%2Fwp%2Fv2%2Fcomments&post=2563"}],"version-history":[{"count":4,"href":"http:\/\/www.1yearoff.karstenmontag.de\/index.php?rest_route=\/wp\/v2\/pages\/2563\/revisions"}],"predecessor-version":[{"id":2866,"href":"http:\/\/www.1yearoff.karstenmontag.de\/index.php?rest_route=\/wp\/v2\/pages\/2563\/revisions\/2866"}],"wp:attachment":[{"href":"http:\/\/www.1yearoff.karstenmontag.de\/index.php?rest_route=%2Fwp%2Fv2%2Fmedia&parent=2563"}],"curies":[{"name":"wp","href":"https:\/\/api.w.org\/{rel}","templated":true}]}}