{"id":2557,"date":"2012-06-12T14:27:36","date_gmt":"2012-06-12T14:27:36","guid":{"rendered":"http:\/\/www.goethepanzer.de\/?page_id=2557"},"modified":"2012-09-20T10:07:26","modified_gmt":"2012-09-20T10:07:26","slug":"lpg-autogas","status":"publish","type":"page","link":"http:\/\/www.1yearoff.karstenmontag.de\/?page_id=2557","title":{"rendered":"LPG \/ Autogas"},"content":{"rendered":"<p>Das Netz von Autogastankstellen ist in Ost- und S\u00fcdosteuropa, verglichen mit Deutschland, au\u00dferordentlich gut bis sehr gut ausgebaut. Lediglich in Griechenland und insbesondere auf dem Peleponnes ist die Versorgungslage eng. Eine Liste mit den von uns gefundenen Gastankstellen in Griechenland befindet sich hier: <a href=\"http:\/\/www.1yearoff.goethepanzer.de\/?page_id=1269\">LPG \/ Autogas-Tankstellen in Griechenland<\/a>. Das Anschlusssystem in allen L\u00e4ndern S\u00fcdosteuropas ist Dish.<\/p>\n<p>Den Ausbau des Gastankstellennetzes in den einzelnen L\u00e4ndern sch\u00e4tzen wir wie folgt ein:<\/p>\n<ul>\n<li>T\u00fcrkei, Albanien, Polen, Litauen, Lettland, Russland: sehr gut, Autogas fast an jeder Tankstelle<\/li>\n<li>Rum\u00e4nien, Moldawien: gut, Autogas an jeder zweiten Tankstelle<\/li>\n<li>Slowenien, Kroatien, Montenegro, Ukraine: befriedigend, Autogas an jeder dritten Tankstelle<\/li>\n<li>Deutschland (zum Vergleich): m\u00e4\u00dfig, Autogas an jeder zweiten bis dritten Autobahntankstelle, ansonsten muss man schon suchen<\/li>\n<li>Griechenland: schlecht, Autogas nur schwer zu finden, besonders auf dem Peleponnes<\/li>\n<\/ul>\n<p>In den zentralasiatischen L\u00e4ndern Kasachstan und Kirgistan sieht die Versorgungslage d\u00fcnner aus. In Kasachstan haben wir nur in gr\u00f6\u00dferen St\u00e4dten versteckte kleine Autogastankstellen gefunden. Tankstellenketten boten kein Autogas an. Ein Liste mit Autogastankstellen, die wir in Kasachstan gefunden haben, befindet sich hier: <a href=\"http:\/\/www.1yearoff.goethepanzer.de\/?page_id=3207\">Kasachstan<\/a>. In Kirgistan haben wir nur eine einzige Autogastankstelle in Bischkek gefunden (<a href=\"http:\/\/maps.google.de\/maps?q=42.8923,74.54556\" target=\"_blank\">42.8923,74.54556<\/a>). Beim zweiten Mal, als wir sie aufgesucht hatten, war sie out of order.<\/p>\n","protected":false},"excerpt":{"rendered":"<p>Das Netz von Autogastankstellen ist in Ost- und S\u00fcdosteuropa, verglichen mit Deutschland, au\u00dferordentlich gut bis sehr gut ausgebaut. Lediglich in Griechenland und insbesondere auf dem Peleponnes ist die Versorgungslage eng. Eine Liste mit den von uns gefundenen Gastankstellen in Griechenland &hellip; <a href=\"http:\/\/www.1yearoff.karstenmontag.de\/?page_id=2557\">Weiterlesen <span class=\"meta-nav\">&rarr;<\/span><\/a><\/p>\n","protected":false},"author":1,"featured_media":0,"parent":0,"menu_order":0,"comment_status":"open","ping_status":"open","template":"","meta":{"footnotes":""},"class_list":["post-2557","page","type-page","status-publish","hentry"],"_links":{"self":[{"href":"http:\/\/www.1yearoff.karstenmontag.de\/index.php?rest_route=\/wp\/v2\/pages\/2557","targetHints":{"allow":["GET"]}}],"collection":[{"href":"http:\/\/www.1yearoff.karstenmontag.de\/index.php?rest_route=\/wp\/v2\/pages"}],"about":[{"href":"http:\/\/www.1yearoff.karstenmontag.de\/index.php?rest_route=\/wp\/v2\/types\/page"}],"author":[{"embeddable":true,"href":"http:\/\/www.1yearoff.karstenmontag.de\/index.php?rest_route=\/wp\/v2\/users\/1"}],"replies":[{"embeddable":true,"href":"http:\/\/www.1yearoff.karstenmontag.de\/index.php?rest_route=%2Fwp%2Fv2%2Fcomments&post=2557"}],"version-history":[{"count":6,"href":"http:\/\/www.1yearoff.karstenmontag.de\/index.php?rest_route=\/wp\/v2\/pages\/2557\/revisions"}],"predecessor-version":[{"id":3659,"href":"http:\/\/www.1yearoff.karstenmontag.de\/index.php?rest_route=\/wp\/v2\/pages\/2557\/revisions\/3659"}],"wp:attachment":[{"href":"http:\/\/www.1yearoff.karstenmontag.de\/index.php?rest_route=%2Fwp%2Fv2%2Fmedia&parent=2557"}],"curies":[{"name":"wp","href":"https:\/\/api.w.org\/{rel}","templated":true}]}}