{"id":2293,"date":"2012-05-23T20:47:40","date_gmt":"2012-05-23T20:47:40","guid":{"rendered":"http:\/\/www.goethepanzer.de\/?page_id=2293"},"modified":"2012-05-23T20:47:40","modified_gmt":"2012-05-23T20:47:40","slug":"marz-2012","status":"publish","type":"page","link":"http:\/\/www.1yearoff.karstenmontag.de\/?page_id=2293","title":{"rendered":"M\u00e4rz 2012"},"content":{"rendered":"<p>29.03.2012, 9.400 km (Bustacho: 70.510), Cirali, T\u00fcrkei (Geodaten: <a href=\"http:\/\/maps.google.de\/maps?q=36.421179,30.486023\" target=\"_blank\">36.421179,30.486023<\/a>):<br \/>\nAm Bergsee war es einfach zu kalt. Daher wieder zur\u00fcck ans Meer an einen Standplatz, der es verdient hat, in unsere Stehplatzkategorie aufgenommen zu werden. Hier bleiben wir jetzt erstmal, bis das Traggelenk f\u00fcr die rechte Vorderachse in Antalya eintrifft.<\/p>\n<p>28.03.2012, 9.050 km (Bustacho: 70.160), Salda bei Burdur, T\u00fcrkei (Geodaten: <a href=\"http:\/\/maps.google.de\/maps?q=37.532157,29.637845\" target=\"_blank\">37.532157,29.637845<\/a>):<br \/>\nStehplatz am Salda G\u00f6l\u00fc.<\/p>\n<p>27.03.2012, 8.950 km (Bustacho: 70.060), Pamukkale, T\u00fcrkei (Geodaten: <a href=\"http:\/\/maps.google.de\/maps?q=37.915289,29.149683\" target=\"_blank\">37.915289,29.149683<\/a>):<br \/>\nNachdem wir vom Parkplatz am S\u00fcdtor der Kalkterrassen mitten in der Nacht vom Wachpersonal regelrecht verscheucht worden sind, sch\u00f6nen Stehplatz in der Wildnis gefunden.<\/p>\n<p>24.03.2012, 8.750 km (Bustacho: 69.860), Selcuk, T\u00fcrkei (Geodaten: <a href=\"http:\/\/maps.google.de\/maps?q=37.975327,27.254133\" target=\"_blank\">37.975327,27.254133<\/a>):<br \/>\nHalbsch\u00f6ner Standplatz am Meer.<\/p>\n<p>22.03.2012, 8.660 km (Bustacho: 69.770), Ayvalik, T\u00fcrkei (Geodaten: <a href=\"http:\/\/maps.google.de\/maps?q=39.266218,26.692697\" target=\"_blank\">39.266218,26.692697<\/a>):<br \/>\nNach dem Besuch von Assos Standplatz f\u00fcr eine Nacht gesucht. Weiterfahrt nach Bergama (antikes Pergamon). Linkes Traggelenk f\u00e4ngt an zu quietschen.<\/p>\n<p>21.03.2012, 8.360 km (Bustacho: 69.470), Eceabat, T\u00fcrkei (Geodaten: <a href=\"http:\/\/maps.google.de\/maps?q=40.213866,26.390938\" target=\"_blank\">40.213866,26.390938<\/a>):<br \/>\nErste Nacht auf t\u00fcrkischem Gebiet. Grenz\u00fcbergang problemlos.<\/p>\n<p>20.03.2012, 8.060 km (Bustacho: 69.170), Alexandroupoli, Griechenland (Geodaten: <a href=\"http:\/\/maps.google.de\/maps?q=40.842199,25.865956\" target=\"_blank\">40.842199,25.865956<\/a>):<br \/>\nLetzter Stopp vor der T\u00fcrkei. Morgen verlassen wir Griechenland nach \u00fcber drei Monaten.<\/p>\n<p>17.03.2012, 7.610 km (Bustacho: 68.720), Litochoro, Griechenland (Geodaten: <a href=\"http:\/\/maps.google.de\/maps?q=40.111992,22.469797\" target=\"_blank\">40.111992,22.469797<\/a>):<br \/>\n\u00dcbernachtungen an einer H\u00fctte. Versuch, den Olymp im Winter zu besteigen.<\/p>\n<p>16.03.2012, 7.400 km (Bustacho: 68.510), Kalambaka, Griechenland (Geodaten: <a href=\"http:\/\/maps.google.de\/maps?q=39.721324,21.634331\" target=\"_blank\">39.721324,21.634331<\/a>):<br \/>\nBesuch der Meteora-Kl\u00f6ster und \u00dcbernachtung an einem Aussichtspunkt.<\/p>\n<p>13.03.2012, 7.220 km (Bustacho: 68.330), Thermopyles, Griechenland (Geodaten: <a href=\"http:\/\/maps.google.de\/maps?q=38.797017,22.534069\" target=\"_blank\">38.797017,22.534069<\/a>):<br \/>\nDamit wir nicht l\u00e4nger zwischen Nafplio und Korinth herpendeln m\u00fcssen, werden unsere P\u00e4sse jetzt nach Thessaloniki gesendet. Danke, Vasilis! Aufbruch nach Thermopyles.<\/p>\n<p>11.03.2012, 6.870 km (Bustacho: 67.980), Nafplio, Griechenland (Geodaten: <a href=\"http:\/\/maps.google.de\/maps?q=37.567418,22.799715\" target=\"_blank\">37.567418,22.799715<\/a>):<br \/>\nIch wage es kaum noch zu schreiben: Wir sind f\u00fcr das Wochenende schon wieder nach Nafplio gefahren, da die P\u00e4sse noch immer nicht da sind. Uns h\u00e4ngt es langsam zum Halse raus. Wenigstens ist Knarren vorne rechts nach dem Auswechseln des Traggelenks (das F\u00fchrungsgelenk war es leider nicht) endlich weg.<\/p>\n<p>08.03.2012, 6.740 km (Bustacho: 67.850), Korinth, Griechenland (Geodaten: <a href=\"http:\/\/maps.google.de\/maps?q=37.937297,22.916771\" target=\"_blank\">37.937297,22.916771<\/a>):<br \/>\nIn Korinth in einem Hinterhof am Meer das rechte obere F\u00fchrungsgelenk von der Vorderachse gewechselt. Seit dem 07.03.2012 wissen wir, dass unsere P\u00e4sse mit den Visa f\u00fcr Kasachstan mit TNT unterwegs nach Korinth sind.<\/p>\n","protected":false},"excerpt":{"rendered":"<p>29.03.2012, 9.400 km (Bustacho: 70.510), Cirali, T\u00fcrkei (Geodaten: 36.421179,30.486023): Am Bergsee war es einfach zu kalt. Daher wieder zur\u00fcck ans Meer an einen Standplatz, der es verdient hat, in unsere Stehplatzkategorie aufgenommen zu werden. Hier bleiben wir jetzt erstmal, bis &hellip; <a href=\"http:\/\/www.1yearoff.karstenmontag.de\/?page_id=2293\">Weiterlesen <span class=\"meta-nav\">&rarr;<\/span><\/a><\/p>\n","protected":false},"author":1,"featured_media":0,"parent":0,"menu_order":0,"comment_status":"open","ping_status":"open","template":"","meta":{"footnotes":""},"class_list":["post-2293","page","type-page","status-publish","hentry"],"_links":{"self":[{"href":"http:\/\/www.1yearoff.karstenmontag.de\/index.php?rest_route=\/wp\/v2\/pages\/2293","targetHints":{"allow":["GET"]}}],"collection":[{"href":"http:\/\/www.1yearoff.karstenmontag.de\/index.php?rest_route=\/wp\/v2\/pages"}],"about":[{"href":"http:\/\/www.1yearoff.karstenmontag.de\/index.php?rest_route=\/wp\/v2\/types\/page"}],"author":[{"embeddable":true,"href":"http:\/\/www.1yearoff.karstenmontag.de\/index.php?rest_route=\/wp\/v2\/users\/1"}],"replies":[{"embeddable":true,"href":"http:\/\/www.1yearoff.karstenmontag.de\/index.php?rest_route=%2Fwp%2Fv2%2Fcomments&post=2293"}],"version-history":[{"count":2,"href":"http:\/\/www.1yearoff.karstenmontag.de\/index.php?rest_route=\/wp\/v2\/pages\/2293\/revisions"}],"predecessor-version":[{"id":2297,"href":"http:\/\/www.1yearoff.karstenmontag.de\/index.php?rest_route=\/wp\/v2\/pages\/2293\/revisions\/2297"}],"wp:attachment":[{"href":"http:\/\/www.1yearoff.karstenmontag.de\/index.php?rest_route=%2Fwp%2Fv2%2Fmedia&parent=2293"}],"curies":[{"name":"wp","href":"https:\/\/api.w.org\/{rel}","templated":true}]}}