{"id":2289,"date":"2012-05-23T20:41:55","date_gmt":"2012-05-23T20:41:55","guid":{"rendered":"http:\/\/www.goethepanzer.de\/?page_id=2289"},"modified":"2012-05-23T20:41:55","modified_gmt":"2012-05-23T20:41:55","slug":"februar-2012","status":"publish","type":"page","link":"http:\/\/www.1yearoff.karstenmontag.de\/?page_id=2289","title":{"rendered":"Februar 2012"},"content":{"rendered":"<p>23.02.2012, 6.630 km (Bustacho: 67.740), Nafplio, Griechenland (Geodaten: <a href=\"http:\/\/maps.google.de\/maps?q=37.567418,22.799715\" target=\"_blank\">37.567418,22.799715<\/a>):<br \/>\nWieder in Nafplio. Langsam wird es langweilig. Die P\u00e4sse sind noch immer nicht unterwegs. Wir wollen hier das Wochenende mit Nikos, Efi und Dimitris verbringen. Au\u00dferdem wollen wir J\u00fcrgen und Johanna wiedertreffen. Das Knarren am Auto ist h\u00f6chstwahrscheinlich ein defektes F\u00fchrungsgelenk an der Vorderachse. Ersatzteile sind bestellt. Wenigstens haben wir den Anh\u00e4nger, das Motorrad und die Fahrr\u00e4der wieder.<\/p>\n<p>22.02.2012, 6.550 km (Bustacho: 67.660), Korinth, Griechenland (Geodaten: <a href=\"http:\/\/maps.google.de\/maps?q=37.943267,22.92518\" target=\"_blank\">37.943267,22.92518<\/a>):<br \/>\nWieder in Korinth. Kettenkit f\u00fcr das Motorrad ist angekommen. Trag- oder F\u00fchrungsgelenk vorne rechts knarrt gewaltig. So ein Mist! Das Traggelenk habe ich f\u00fcr den T\u00dcV kurz vor der Fahrt ausgetaucht. Das F\u00fchrungsgelenk war vor 4 Monaten noch in Ordnung.<\/p>\n<p>20.02.2012, 6.530 km (Bustacho: 67.640), Heraion bei Limni, Griechenland (Geodaten: <a href=\"http:\/\/maps.google.de\/maps?q=38.028774,22.852932\" target=\"_blank\">38.028774,22.852932<\/a>):<br \/>\nSch\u00f6ner Platz gegen\u00fcber von Korinth.<\/p>\n<p>19.02.2012, 6.230 km (Bustacho: 67.340), Antikyra, Griechenland (Geodaten: <a href=\"http:\/\/maps.google.de\/maps?q=38.363363,22.621492\" target=\"_blank\">38.363363,22.621492<\/a>):<br \/>\n\u00dcbernachtung am Meer, nachdem wir Odysseas in Steiri besucht haben, den wir zuvor am Strand von Marathon kennengelernt hatten.<\/p>\n<p>18.02.2012, 6.200 km (Bustacho: 67.310), Delphi, Griechenland (Geodaten: <a href=\"http:\/\/maps.google.de\/maps?q=38.48183,22.485663\" target=\"_blank\">38.48183,22.485663<\/a>):<br \/>\n\u00dcbernachtung auf einem Busparkplatz in Delphi, um das antike Heiligtum am n\u00e4chsten Tag zu besuchen.<\/p>\n<p>15.02.2012, 6.130 km (Bustacho: 67.240), Thermopyles, Griechenland (Geodaten: <a href=\"http:\/\/maps.google.de\/maps?q=38.797017,22.534069\" target=\"_blank\">38.797017,22.534069<\/a>):<br \/>\nGro\u00dfartiger Standplatz direkt an einem Bach, der von der hei\u00dfen Quelle gespeist wird (36 Grad Wassertemperatur).<\/p>\n<p>14.02.2012, 5.890 km (Bustacho: 67.200), Arkitsa, Griechenland (Geodaten: <a href=\"http:\/\/maps.google.de\/maps?q=38.754853,23.030555\" target=\"_blank\">38.754853,23.030555<\/a>):<br \/>\nStandplatz am Strand von Arkitsa f\u00fcr eine Nacht. Weil es so kalt war, direkt weiter nach Thermopyles gefahren.<\/p>\n<p>13.02.2012, 5.710 km (Bustacho: 67.020), Schinias bei Marathon, Griechenland (Geodaten: <a href=\"http:\/\/maps.google.de\/maps?q=38.143214,24.044661\" target=\"_blank\">38.143214,24.044661<\/a>):<br \/>\nWundersch\u00f6ner Stehplatz bei Marathon entdeckt. P\u00e4sse kommen erst ab dem 27.02.2012 in Korinth an. Kleinere Reparaturen am Bus (Licht im Inneren, Beifahrert\u00fcr eingestellt).<\/p>\n<p>10.02.2012, 5.590 km (Bustacho: 66.900), Anavyssos, Griechenland (Geodaten: <a href=\"http:\/\/maps.google.de\/maps?q=37.715934,23.925442\" target=\"_blank\">37.715934,23.925442<\/a>):<br \/>\nNach drei Tagen Megastadt und einem abschlie\u00dfenden Stau, der uns wegen einer Gro\u00dfdemo gegen das Spardiktat der EU zwei Stunden f\u00fcr f\u00fcnf Kilometer gekostet hat, endlich wieder einen ruhigen Platz am Meer aufgesucht. Klackern an der linken Hinterradbremse mit Kabelbinder beseitigt.<strong><\/strong><\/p>\n<p>08.02.2012, 5.340 km (Bustacho: 66.650), Athen, Griechenland (Geodaten: <a href=\"http:\/\/maps.google.de\/maps?q=37.969398,23.722807\" target=\"_blank\">37.969398,23.722807<\/a>):<br \/>\nSehr ruhigen Standplatz direkt an der Akropolis gefunden. Sogar mit kostenloser Bewachung. Griechenland ist immer f\u00fcr eine \u00dcberraschung gut.<strong><\/strong><\/p>\n<p>06.02.2012, 5.240 km (Bustacho: 66.550), Antikes Korinth, Griechenland (Geodaten: <a href=\"http:\/\/maps.google.de\/maps?q=37.911506,22.878608\" target=\"_blank\">37.911506,22.878608<\/a>):<strong><\/strong><br \/>\nZur\u00fcck in Korinth. P\u00e4sse sind noch immer nicht da. Bei Detlef Louis in Deutschland ein neues Kettenset f\u00fcr das Motorrad bestellt, weil die Z\u00e4hne vom hinteren Kettenrad bereits k\u00e4mmen. Das Salz auf den Stra\u00dfen in Kroatien hat der alten Kette wohl den Rest gegeben. Gestern dummerweise den Anh\u00e4nger besch\u00e4digt. Bei einem kurzen Stopp am Berg die Handbremse nicht richtig angezogen. Das langsame R\u00fcckw\u00e4rtsrollen dann auch nicht bemerkt und schwupps war die Spindel verbogen. Mithilfe unseres Freundes Nikolas jedoch sehr schnell eine Werkstatt in Korinth gefunden, die den Schaden f\u00fcr 50 Euro wieder behoben hat.<strong><\/strong><\/p>\n<p>04.02.2012, 5.140 km (Bustacho: 66.450), Palaia Epidauros, Griechenland (Geodaten: <a href=\"http:\/\/maps.google.de\/maps?q=37.641507,23.159305\" target=\"_blank\">37.641507,23.159305<\/a>):<br \/>\nAuf Empfehlung von Nikolas hierhin gefahren. Sch\u00f6ner Stellplatz, sehr ruhig.<strong><\/strong><\/p>\n<p>02.02.2012, 5.110 km (Bustacho: 66.420), Methano Halbinsel, Griechenland (Geodaten: <a href=\"http:\/\/maps.google.de\/maps?q=37.605477,23.357307\" target=\"_blank\">37.605477,23.357307<\/a>):<br \/>\nAuf einer Hochebene auf 600 Metern H\u00f6he \u00fcbernachtet, nachdem wir einen Vulkan im Nordwesten und den h\u00f6chsten Punkt der Halbinsel bestiegen haben. In der Nacht 2 cm Neuschnee, der am Morgen geschmolzen war.<\/p>\n","protected":false},"excerpt":{"rendered":"<p>23.02.2012, 6.630 km (Bustacho: 67.740), Nafplio, Griechenland (Geodaten: 37.567418,22.799715): Wieder in Nafplio. Langsam wird es langweilig. Die P\u00e4sse sind noch immer nicht unterwegs. Wir wollen hier das Wochenende mit Nikos, Efi und Dimitris verbringen. Au\u00dferdem wollen wir J\u00fcrgen und Johanna &hellip; <a href=\"http:\/\/www.1yearoff.karstenmontag.de\/?page_id=2289\">Weiterlesen <span class=\"meta-nav\">&rarr;<\/span><\/a><\/p>\n","protected":false},"author":1,"featured_media":0,"parent":0,"menu_order":0,"comment_status":"open","ping_status":"open","template":"","meta":{"footnotes":""},"class_list":["post-2289","page","type-page","status-publish","hentry"],"_links":{"self":[{"href":"http:\/\/www.1yearoff.karstenmontag.de\/index.php?rest_route=\/wp\/v2\/pages\/2289","targetHints":{"allow":["GET"]}}],"collection":[{"href":"http:\/\/www.1yearoff.karstenmontag.de\/index.php?rest_route=\/wp\/v2\/pages"}],"about":[{"href":"http:\/\/www.1yearoff.karstenmontag.de\/index.php?rest_route=\/wp\/v2\/types\/page"}],"author":[{"embeddable":true,"href":"http:\/\/www.1yearoff.karstenmontag.de\/index.php?rest_route=\/wp\/v2\/users\/1"}],"replies":[{"embeddable":true,"href":"http:\/\/www.1yearoff.karstenmontag.de\/index.php?rest_route=%2Fwp%2Fv2%2Fcomments&post=2289"}],"version-history":[{"count":2,"href":"http:\/\/www.1yearoff.karstenmontag.de\/index.php?rest_route=\/wp\/v2\/pages\/2289\/revisions"}],"predecessor-version":[{"id":2292,"href":"http:\/\/www.1yearoff.karstenmontag.de\/index.php?rest_route=\/wp\/v2\/pages\/2289\/revisions\/2292"}],"wp:attachment":[{"href":"http:\/\/www.1yearoff.karstenmontag.de\/index.php?rest_route=%2Fwp%2Fv2%2Fmedia&parent=2289"}],"curies":[{"name":"wp","href":"https:\/\/api.w.org\/{rel}","templated":true}]}}