{"id":2277,"date":"2012-05-23T20:20:28","date_gmt":"2012-05-23T20:20:28","guid":{"rendered":"http:\/\/www.goethepanzer.de\/?page_id=2277"},"modified":"2012-05-23T20:20:28","modified_gmt":"2012-05-23T20:20:28","slug":"november-2011","status":"publish","type":"page","link":"http:\/\/www.1yearoff.karstenmontag.de\/?page_id=2277","title":{"rendered":"November 2011"},"content":{"rendered":"<p>26.11.2011., 2.210 km (Bustacho: 63.460), Sibenik, Kroatien (Geodaten: <a href=\"http:\/\/maps.google.de\/maps?q=43.729282,15.877292\" target=\"_blank\">43.729282,15.877292<\/a>):<strong><\/strong><br \/>\nBus l\u00e4uft nach Reparatur wieder. Kein Wasserverlust mehr. Leichtes Ventilklappern, weil die Werkstatt die Z\u00fcndung nicht richtig eingestellt bekommen hat.<strong><\/strong><\/p>\n<p>21.11.2011, 1.610 km (Mopedtacho: 33.500), immer noch Kastel, Kroatien (Geodaten: <a href=\"http:\/\/maps.google.de\/maps?q=45.448322,13.654954\" target=\"_blank\">45.448322,13.654954<\/a>):<br \/>\nTeile f\u00fcr den Bus sind am 21.11.2011 in Ljubljana eingetroffen. Reparatur durch die Werkstatt bis sp\u00e4testens 23.11. Motorrad sprang bei kaltem, feuchtem Wetter schlecht bis gar nicht an. Z\u00fcndkerzenstecker in Koper in einer Hinterhofwerkstatt ersetzt.<\/p>\n<p>15.11.2011, 1.610 km (Mopedtacho: 33.254), Kastel, Kroatien (Geodaten: <a href=\"http:\/\/maps.google.de\/maps?q=45.448322,13.654954\" target=\"_blank\">45.448322,13.654954<\/a>):<\/p>\n<p>Bus in der Werkstatt bei Ljubljana stehengelassen, um einw\u00f6chige Wartezeit auf Ersatzteile an der K\u00fcste zu verbringen.<\/p>\n<p>12.11.2011, 1.454 km (Bustacho: 62.984), immer noch Ljubljana, Slowenien (Geodaten: <a href=\"http:\/\/maps.google.de\/maps?q=46.049676,14.511511\" target=\"_blank\">46.049676,14.511511<\/a>):<br \/>\nVW-Werkstatt hat best\u00e4tigt, dass sich K\u00fchlwasserleck im Inneren des Motors befindet. Zylinderkopf wurde abgenommen. Pr\u00fcfung des Kopfes am 14.11.2011. Ersatzteile erst gegen 18.11.2011 verf\u00fcgbar. Wenigstens l\u00e4uft das Moped.<\/p>\n<p>10.11.2011, 1.454 km (Bustacho: 62.984), Ljubljana, Slowenien (Geodaten: <a href=\"http:\/\/maps.google.de\/maps?q=46.131122,14.560915\" target=\"_blank\">46.131122,14.560915<\/a>):<br \/>\nStarker K\u00fchlwasserverlust w\u00e4hrend der Alpen\u00fcberquerung. Entschluss, nicht weiterzufahren und eine Werkstatt aufzusuchen. Ergebnis: wahrscheinlich Zylinderkopfdichtung defekt.<\/p>\n<p>07.11.2011, 314 km (Bustacho: 61.844), Aachen (Geodaten: <a href=\"http:\/\/maps.google.de\/maps?q=50.785346,6.109017\" target=\"_blank\">50.785346,6.109017<\/a>):<br \/>\nZwischenstopp in Aachen. P\u00e4sse im Reiseb\u00fcro abgeholt.<\/p>\n<p>05.11.2011, 158 km (Bustacho: 61.688), M\u00fclheim a. d. Ruhr (Geodaten: <a href=\"http:\/\/maps.google.de\/maps?q=51.414398,6.870207\" target=\"_blank\">51.414398,6.870207<\/a>):<br \/>\nNeues Blinkerhebelmodul eingebaut. Der Blinkerhebel stellt sich jetzt nach dem Abbiegen sogar wieder selbstt\u00e4tig zur\u00fcck, was fr\u00fcher nicht funktionierte. Ein Hauch von Neufahrzeug kommt auf.<\/p>\n<p>02.11.2011, 158 km (Bustacho: 61.688), M\u00fclheim a. d. Ruhr (Geodaten: <a href=\"http:\/\/maps.google.de\/maps?q=51.378873,6.90306\" target=\"_blank\">51.378873,6.90306<\/a>):<br \/>\nBlinkerhebelmodul bei VW bestellt. Kosten ca. 50 Euro. Ankunft voraussichtlich 04. oder 07.11.2011.<\/p>\n<p>01.11.2011, 118 km (Bustacho: 61.648), Neuss (Geodaten: <a href=\"http:\/\/maps.google.de\/maps?q=51.179303,6.630908\" target=\"_blank\">51.179303,6.630908<\/a>):<br \/>\nDeckel vom \u00dcberlaufbeh\u00e4lter gereinigt, kein weiterer gravierender Wasserverlust.<\/p>\n<p>31.10.2011, 0 km (Bustacho: 61.530), Aachen (Geodaten: <a href=\"http:\/\/maps.google.de\/maps?q=50.770823,6.09794\" target=\"_blank\">50.770823,6.09794<\/a>):<br \/>\nBlinkerhebel beim hektischen Lenkerkurbeln w\u00e4hrend des Ausparkens abgebrochen. Schleichenden Wasserverlust versucht mit K\u00fchlerdichtmittel zu stoppen. Dabei Kr\u00fcmel im Deckel des \u00dcberlaufbeh\u00e4lters, der auch gleichzeitig das Druckventil ist, vergessen. Folge: Wasserverlust \u00fcber den Deckel.<\/p>\n<p><a title=\"Seite bearbeiten\" href=\"http:\/\/www.1yearoff.goethepanzer.de\/wp-admin\/post.php?post=2274&amp;action=edit\">Bearbeiten<\/a><\/p>\n","protected":false},"excerpt":{"rendered":"<p>26.11.2011., 2.210 km (Bustacho: 63.460), Sibenik, Kroatien (Geodaten: 43.729282,15.877292): Bus l\u00e4uft nach Reparatur wieder. Kein Wasserverlust mehr. Leichtes Ventilklappern, weil die Werkstatt die Z\u00fcndung nicht richtig eingestellt bekommen hat. 21.11.2011, 1.610 km (Mopedtacho: 33.500), immer noch Kastel, Kroatien (Geodaten: 45.448322,13.654954): &hellip; <a href=\"http:\/\/www.1yearoff.karstenmontag.de\/?page_id=2277\">Weiterlesen <span class=\"meta-nav\">&rarr;<\/span><\/a><\/p>\n","protected":false},"author":1,"featured_media":0,"parent":0,"menu_order":0,"comment_status":"open","ping_status":"open","template":"","meta":{"footnotes":""},"class_list":["post-2277","page","type-page","status-publish","hentry"],"_links":{"self":[{"href":"http:\/\/www.1yearoff.karstenmontag.de\/index.php?rest_route=\/wp\/v2\/pages\/2277","targetHints":{"allow":["GET"]}}],"collection":[{"href":"http:\/\/www.1yearoff.karstenmontag.de\/index.php?rest_route=\/wp\/v2\/pages"}],"about":[{"href":"http:\/\/www.1yearoff.karstenmontag.de\/index.php?rest_route=\/wp\/v2\/types\/page"}],"author":[{"embeddable":true,"href":"http:\/\/www.1yearoff.karstenmontag.de\/index.php?rest_route=\/wp\/v2\/users\/1"}],"replies":[{"embeddable":true,"href":"http:\/\/www.1yearoff.karstenmontag.de\/index.php?rest_route=%2Fwp%2Fv2%2Fcomments&post=2277"}],"version-history":[{"count":1,"href":"http:\/\/www.1yearoff.karstenmontag.de\/index.php?rest_route=\/wp\/v2\/pages\/2277\/revisions"}],"predecessor-version":[{"id":2278,"href":"http:\/\/www.1yearoff.karstenmontag.de\/index.php?rest_route=\/wp\/v2\/pages\/2277\/revisions\/2278"}],"wp:attachment":[{"href":"http:\/\/www.1yearoff.karstenmontag.de\/index.php?rest_route=%2Fwp%2Fv2%2Fmedia&parent=2277"}],"curies":[{"name":"wp","href":"https:\/\/api.w.org\/{rel}","templated":true}]}}