{"id":2274,"date":"2012-05-23T20:13:16","date_gmt":"2012-05-23T20:13:16","guid":{"rendered":"http:\/\/www.goethepanzer.de\/?page_id=2274"},"modified":"2012-09-25T10:31:59","modified_gmt":"2012-09-25T10:31:59","slug":"reiseroute-2","status":"publish","type":"page","link":"http:\/\/www.1yearoff.karstenmontag.de\/?page_id=2274","title":{"rendered":"Reiseroute"},"content":{"rendered":"<p><strong>Aktueller Standort am 25.09.2012: Aachen, Deutschland<br \/>\n<\/strong><\/p>\n<p>[wpmaps x=&#8220;50.781389&#8243; y=&#8220;6.099057&#8243;]<\/p>\n<p>&nbsp;<\/p>\n<p><strong>Vorhaben<\/strong><\/p>\n<p><a href=\"http:\/\/www.1yearoff.goethepanzer.de\/wp-content\/uploads\/2011\/11\/reiseroute.jpg\"><img loading=\"lazy\" decoding=\"async\" class=\"aligncenter size-full wp-image-514\" title=\"reiseroute\" src=\"http:\/\/www.1yearoff.goethepanzer.de\/wp-content\/uploads\/2011\/11\/reiseroute.jpg\" alt=\"\" width=\"500\" height=\"353\" srcset=\"http:\/\/www.1yearoff.karstenmontag.de\/wp-content\/uploads\/2011\/11\/reiseroute.jpg 500w, http:\/\/www.1yearoff.karstenmontag.de\/wp-content\/uploads\/2011\/11\/reiseroute-300x211.jpg 300w\" sizes=\"auto, (max-width: 500px) 100vw, 500px\" \/><\/a>Start: 01.11.2011, Aachen<br \/>\nBis Mitte Dezember 2011: \u00d6sterreich, Slowenien, Kroatien, Albanien<br \/>\nMitte Dezember 2011 bis Ende Februar 2012: Griechenland, T\u00fcrkei<br \/>\nAnfang M\u00e4rz bis Mitte Juni 2012: Bulgarien, Rum\u00e4nien, Ukraine, Russland<br \/>\nAb Mitte Juni 2012: Kasachstan<br \/>\nAugust 2012: Kirgisien<br \/>\nAb Anfang September bis Ende Oktober 2012: Kasachstan, Russland, Estland, Lettland, Litauen, Polen, Deutschland<\/p>\n<p><strong>Verlauf:<\/strong> siehe Untermen\u00fcs zu Reiseroute<\/p>\n<p>&nbsp;<\/p>\n","protected":false},"excerpt":{"rendered":"<p>Aktueller Standort am 25.09.2012: Aachen, Deutschland [wpmaps x=&#8220;50.781389&#8243; y=&#8220;6.099057&#8243;] &nbsp; Vorhaben Start: 01.11.2011, Aachen Bis Mitte Dezember 2011: \u00d6sterreich, Slowenien, Kroatien, Albanien Mitte Dezember 2011 bis Ende Februar 2012: Griechenland, T\u00fcrkei Anfang M\u00e4rz bis Mitte Juni 2012: Bulgarien, Rum\u00e4nien, Ukraine, &hellip; <a href=\"http:\/\/www.1yearoff.karstenmontag.de\/?page_id=2274\">Weiterlesen <span class=\"meta-nav\">&rarr;<\/span><\/a><\/p>\n","protected":false},"author":1,"featured_media":0,"parent":0,"menu_order":0,"comment_status":"open","ping_status":"open","template":"","meta":{"footnotes":""},"class_list":["post-2274","page","type-page","status-publish","hentry"],"_links":{"self":[{"href":"http:\/\/www.1yearoff.karstenmontag.de\/index.php?rest_route=\/wp\/v2\/pages\/2274","targetHints":{"allow":["GET"]}}],"collection":[{"href":"http:\/\/www.1yearoff.karstenmontag.de\/index.php?rest_route=\/wp\/v2\/pages"}],"about":[{"href":"http:\/\/www.1yearoff.karstenmontag.de\/index.php?rest_route=\/wp\/v2\/types\/page"}],"author":[{"embeddable":true,"href":"http:\/\/www.1yearoff.karstenmontag.de\/index.php?rest_route=\/wp\/v2\/users\/1"}],"replies":[{"embeddable":true,"href":"http:\/\/www.1yearoff.karstenmontag.de\/index.php?rest_route=%2Fwp%2Fv2%2Fcomments&post=2274"}],"version-history":[{"count":54,"href":"http:\/\/www.1yearoff.karstenmontag.de\/index.php?rest_route=\/wp\/v2\/pages\/2274\/revisions"}],"predecessor-version":[{"id":2308,"href":"http:\/\/www.1yearoff.karstenmontag.de\/index.php?rest_route=\/wp\/v2\/pages\/2274\/revisions\/2308"}],"wp:attachment":[{"href":"http:\/\/www.1yearoff.karstenmontag.de\/index.php?rest_route=%2Fwp%2Fv2%2Fmedia&parent=2274"}],"curies":[{"name":"wp","href":"https:\/\/api.w.org\/{rel}","templated":true}]}}