{"id":1044,"date":"2011-12-11T19:10:49","date_gmt":"2011-12-11T19:10:49","guid":{"rendered":"http:\/\/www.goethepanzer.de\/?page_id=1044"},"modified":"2012-03-07T14:41:15","modified_gmt":"2012-03-07T14:41:15","slug":"griechenland","status":"publish","type":"page","link":"http:\/\/www.1yearoff.karstenmontag.de\/?page_id=1044","title":{"rendered":"Griechenland"},"content":{"rendered":"<p><strong>Odysse&#8217;s Bay, Valanidorachi, Griechenland<br \/>\n<\/strong>Wilder, tolerierter Campingplatz direkt am Meer<\/p>\n<p><a href=\"http:\/\/www.1yearoff.goethepanzer.de\/wp-content\/uploads\/2011\/12\/odysseus03.jpg\"><img loading=\"lazy\" decoding=\"async\" class=\"alignnone size-thumbnail wp-image-1021\" title=\"SAMSUNG DIGITAL CAMERA\" src=\"http:\/\/www.1yearoff.goethepanzer.de\/wp-content\/uploads\/2011\/12\/odysseus03-150x150.jpg\" alt=\"\" width=\"150\" height=\"150\" \/><\/a>\u00a0 <a href=\"http:\/\/www.1yearoff.goethepanzer.de\/wp-content\/uploads\/2011\/12\/odysseus06.jpg\"><img loading=\"lazy\" decoding=\"async\" class=\"alignnone size-thumbnail wp-image-1024\" title=\"SAMSUNG DIGITAL CAMERA\" src=\"http:\/\/www.1yearoff.goethepanzer.de\/wp-content\/uploads\/2011\/12\/odysseus06-150x150.jpg\" alt=\"\" width=\"150\" height=\"150\" \/><\/a>\u00a0 <a href=\"http:\/\/www.1yearoff.goethepanzer.de\/wp-content\/uploads\/2011\/12\/odysseus08.jpg\"><img loading=\"lazy\" decoding=\"async\" class=\"alignnone size-thumbnail wp-image-1026\" title=\"SAMSUNG DIGITAL CAMERA\" src=\"http:\/\/www.1yearoff.goethepanzer.de\/wp-content\/uploads\/2011\/12\/odysseus08-150x150.jpg\" alt=\"\" width=\"150\" height=\"150\" \/><\/a>\u00a0 <a href=\"http:\/\/www.1yearoff.goethepanzer.de\/wp-content\/uploads\/2011\/12\/odysseus07.jpg\"><img loading=\"lazy\" decoding=\"async\" class=\"alignnone size-thumbnail wp-image-1025\" title=\"SAMSUNG DIGITAL CAMERA\" src=\"http:\/\/www.1yearoff.goethepanzer.de\/wp-content\/uploads\/2011\/12\/odysseus07-150x150.jpg\" alt=\"\" width=\"150\" height=\"150\" \/><\/a><\/p>\n<p>Geodaten: <a href=\"http:\/\/maps.google.de\/maps?q=39.216561,20.486999\" target=\"_blank\">39.216561,20.486999<\/a><br \/>\nVorz\u00fcge: einfache Zufahrt, 10-20 Meter vom Stellplatz zum Wasser, Sandstrand, viel Platz, M\u00f6glichkeiten f\u00fcr Lagerfeuer auf dem Strand, Totholz schwierig zu finden, M\u00fclltonnen, Strandbar, mehrere S\u00fc\u00dfwasserstellen mit Schlauch, Strandduschen.<br \/>\nNachteile: Wenig Schatten. Leicht verm\u00fcllt, die Einheimischen sorgen aber f\u00fcr Ordnung. Im Sommer offenbar sehr voll (ca. 70 Fahrzeuge). Im Dezember waren wir die einzigen.<br \/>\nAnfahrtsbeschreibung: Auf der Landstra\u00dfe von Igoumenitsa nach Preveza (E55) nach ca. der H\u00e4lfte des Weges bei Valanidorachi\/Tsouknida abfahren. Dann links abbiegen und den Schildern &#8222;Odysse&#8217;s Bay&#8220; folgen. Nach ca. 500 m in\u00a0Valanidorachi noch einmal links abbiegen. Dann ca. 5 km bis zur Bucht weiterfahren.<\/p>\n<p><a href=\"http:\/\/www.1yearoff.goethepanzer.de\/wp-content\/uploads\/2011\/12\/odysseus02.jpg\"><img loading=\"lazy\" decoding=\"async\" class=\"alignnone size-thumbnail wp-image-1020\" title=\"SAMSUNG DIGITAL CAMERA\" src=\"http:\/\/www.1yearoff.goethepanzer.de\/wp-content\/uploads\/2011\/12\/odysseus02-150x150.jpg\" alt=\"\" width=\"150\" height=\"150\" \/><\/a><\/p>\n<p>Sonstiges: Internet in der Pizzeria in Valanidorachi oder in Kanallaki im NetCafe. Gas f\u00fcr deutsche Gasflaschen gibt es \u00fcbrigens an der Jet Oil-Tankstelle hinter dem kleinen \u00d6rtchen Archangelos, 25 km hinter Kanallaki in den Bergen (Geodaten: <a href=\"http:\/\/maps.google.de\/maps?q=39.108035,20.745016\" target=\"_blank\">39.108035,20.745016<\/a>). Der Tankstellenwart hat einen selbstgebastelten Adapter, mit dem er LPG in Gasflaschen abf\u00fcllt. Muss man gesehen haben, wie das Fl\u00fcssiggas durch den mit Hanf nur m\u00e4\u00dfig abgedichteten Adapter tropft&#8230;<br \/>\nStand: 11.12.2011<\/p>\n<p><strong>Kamares bei Gythio, Griechenland<\/strong><br \/>\nStandplatz am Meer<\/p>\n<p><a href=\"http:\/\/www.1yearoff.goethepanzer.de\/wp-content\/uploads\/2011\/12\/Strand-von-Kamares.jpg\"><img loading=\"lazy\" decoding=\"async\" class=\"alignnone size-thumbnail wp-image-1138\" title=\"Strand von Kamares\" src=\"http:\/\/www.1yearoff.goethepanzer.de\/wp-content\/uploads\/2011\/12\/Strand-von-Kamares-150x150.jpg\" alt=\"\" width=\"150\" height=\"150\" \/><\/a><\/p>\n<p>Geodaten: <a href=\"http:\/\/maps.google.de\/maps?q=36.681825,22.520832\" target=\"_blank\">36.681825,22.520832<\/a><br \/>\nVorz\u00fcge: einfache Zufahrt, 30 Meter vom Stellplatz zum Wasser, Sandstrand, viel Platz, M\u00f6glichkeiten f\u00fcr Lagerfeuer, Totholz leicht zu finden, M\u00fclltonnen, Taverne am n\u00f6rdlichen Ende der Bucht, sauber.<br \/>\nNachteile: Wenig Schatten. Kein Wasser oder Strandduschen (Wasser gab es auf einem nahegelegenen Campingplatz, aber ob der Inhaber im Sommer gerne Wasser an frei stehende Womos abgibt, ist fraglich), zwischen Standplatz und Meer befindet sich eine wenig befahrene lokale Stra\u00dfe (an einem schmalen Streifen ganz im S\u00fcden der Bucht kann man auch direkt am Meer stehen).<br \/>\nAnfahrtsbeschreibung: Auf der Landstra\u00dfe hinter Gythio Richtung Halbinsel Marni links nach Kafki, Agio Vasilios und Kamares abbiegen. Einspurige Stra\u00dfe bis zum Strand folgen.<br \/>\nSonstiges: Internet erst wieder im ca. 20 km entfernten Gythio.<br \/>\nStand: 24.12.2011<\/p>\n<p><strong>Karathona, Nafplio, Griechenland<\/strong><br \/>\nWilder, tolerierter Campingplatz direkt am Meer<\/p>\n<p><a href=\"http:\/\/www.1yearoff.goethepanzer.de\/wp-content\/uploads\/2012\/01\/nafplion_strand.jpg\"><img loading=\"lazy\" decoding=\"async\" class=\"alignnone size-thumbnail wp-image-1203\" title=\"SAMSUNG DIGITAL CAMERA\" src=\"http:\/\/www.1yearoff.goethepanzer.de\/wp-content\/uploads\/2012\/01\/nafplion_strand-150x150.jpg\" alt=\"\" width=\"150\" height=\"150\" \/><\/a>\u00a0 <a href=\"http:\/\/www.1yearoff.goethepanzer.de\/wp-content\/uploads\/2012\/01\/nafplion_insel.jpg\"><img loading=\"lazy\" decoding=\"async\" class=\"alignnone size-thumbnail wp-image-1200\" title=\"SAMSUNG DIGITAL CAMERA\" src=\"http:\/\/www.1yearoff.goethepanzer.de\/wp-content\/uploads\/2012\/01\/nafplion_insel-150x150.jpg\" alt=\"\" width=\"150\" height=\"150\" \/><\/a>\u00a0 <a href=\"http:\/\/www.1yearoff.goethepanzer.de\/wp-content\/uploads\/2012\/01\/karathona_womos.jpg\"><img loading=\"lazy\" decoding=\"async\" class=\"alignnone size-thumbnail wp-image-1210\" title=\"karathona_womos\" src=\"http:\/\/www.1yearoff.goethepanzer.de\/wp-content\/uploads\/2012\/01\/karathona_womos-150x150.jpg\" alt=\"\" width=\"150\" height=\"150\" \/><\/a><\/p>\n<p>Geodaten: <a href=\"http:\/\/maps.google.de\/maps?q=37.544135,22.822073\" target=\"_blank\">37.544135,22.822073<\/a><br \/>\nVorz\u00fcge: einfache Zufahrt, 30-40 Meter vom Stellplatz zum Wasser, Sandstrand, sehr viel Platz, viel Schatten, M\u00f6glichkeiten f\u00fcr Lagerfeuer, Totholz schwierig zu finden, M\u00fclltonnen, mehrere Tavernen, Strandduschen, Wasser, Entsorgungsstelle an einem ehemaligen Toilettenh\u00e4uschen, von dem nur noch das Fundament steht (genaue Position: <a href=\"http:\/\/maps.google.de\/maps?q=37.542476,22.823656\" target=\"_blank\">37.542476,22.823656<\/a>), gebohrte Kletterfelsen in unmittelbarer N\u00e4he mit Schwierigkeiten ab dem vierten Grad (hier neben einer Kirche im Fels: <a href=\"http:\/\/maps.google.de\/maps?q=37.540851,22.8295\" target=\"_blank\">37.540851,22.8295<\/a> und hier am Fu\u00dfweg nach Nafplio entlang des Meeres: <a href=\"http:\/\/maps.google.de\/maps?q=37.552752,22.807615\" target=\"_blank\">37.552752,22.807615<\/a>). Ein Topo von diesem und anderen Kletterfelsen in der Gegend kann man hier herunterladen: <a href=\"http:\/\/www.climbargolis.com\/documents\/NEWARGOLISWEBGUIDE.pdf\" target=\"_blank\">http:\/\/www.climbargolis.com\/documents\/NEWARGOLISWEBGUIDE.pdf<\/a>. Die zugeh\u00f6rige Website lautet: <a href=\"http:\/\/www.climbargolis.com\/TheClimbing.htm\" target=\"_blank\">http:\/\/www.climbargolis.com\/TheClimbing.htm<\/a>.<br \/>\nNachteile: leicht verm\u00fcllt, zwischen Standplatz und Meer befindet sich eine wenig befahrene lokale Stra\u00dfe. Bei S\u00fcdwind riecht man die M\u00fcllhalde, die auf dem Gipfel am s\u00fcdlichen Ende der Bucht trohnt.<br \/>\nAnfahrtsbeschreibung: In Nafplio in der N\u00e4he des Hafens den Weg \u00fcber die h\u00f6her gelegene Halbinsel finden (ist nur beim ersten Mal etwas tricky).<br \/>\nSonstiges: Ungesichters WiFi am Strand von Karathona am Blue Sky Cafe, freies kommunales WiFi in Nafplio, Internetcaf\u00e9s in Nafplio.<br \/>\nStand: 01.01.2012<\/p>\n<p><strong>Palaia (oder Archaia) Epidauros, Griechenland<br \/>\n<\/strong>Standplatz f\u00fcr Wohnmobile direkt am Meer<\/p>\n<p><strong><a href=\"http:\/\/www.1yearoff.goethepanzer.de\/wp-content\/uploads\/2011\/12\/k-SNV80602.jpg\"><img loading=\"lazy\" decoding=\"async\" class=\"alignnone size-thumbnail wp-image-1539\" title=\"k-SNV80602\" src=\"http:\/\/www.1yearoff.goethepanzer.de\/wp-content\/uploads\/2011\/12\/k-SNV80602-150x150.jpg\" alt=\"\" width=\"150\" height=\"150\" \/><\/a>\u00a0 <a href=\"http:\/\/www.1yearoff.goethepanzer.de\/wp-content\/uploads\/2011\/12\/k-SNV80601.jpg\"><img loading=\"lazy\" decoding=\"async\" class=\"alignnone size-thumbnail wp-image-1538\" title=\"k-SNV80601\" src=\"http:\/\/www.1yearoff.goethepanzer.de\/wp-content\/uploads\/2011\/12\/k-SNV80601-150x150.jpg\" alt=\"\" width=\"150\" height=\"150\" \/><\/a>\u00a0 <a href=\"http:\/\/www.1yearoff.goethepanzer.de\/wp-content\/uploads\/2011\/12\/k-SNV80600.jpg\"><img loading=\"lazy\" decoding=\"async\" class=\"alignnone size-thumbnail wp-image-1537\" title=\"k-SNV80600\" src=\"http:\/\/www.1yearoff.goethepanzer.de\/wp-content\/uploads\/2011\/12\/k-SNV80600-150x150.jpg\" alt=\"\" width=\"150\" height=\"150\" \/><\/a><a href=\"http:\/\/www.1yearoff.goethepanzer.de\/wp-content\/uploads\/2011\/12\/k-SNV80601.jpg\"><br \/>\n<\/a><\/strong><\/p>\n<p>Geodaten: <a href=\"http:\/\/maps.google.de\/maps?q=37.641507,23.159305\" target=\"_blank\">37.641507,23.159305<\/a><br \/>\nVorz\u00fcge: Standplatz direkt am Meer, Sandstrand, Lagerfeuer am Strand m\u00f6glich, viel Totholz, M\u00fclltonnen, Wasser an einer Stranddusche, sehr sauber, Entfernung von Palaia Epidauros: 5 min Fu\u00dfweg, Caf\u00e9s, Restaurants und Bars in Palaia Epidauros.<br \/>\nNachteile: keine Entsorgungsm\u00f6glichkeit f\u00fcr Toiletten, wenig Schatten, Zufahrt sehr eng und verwinkelt (normale Womos kommen durch, m\u00fcssen aber kratzfest sein)<br \/>\nAnfahrtsbeschreibung: Auf der Landstra\u00dfe zwischen Nea Epidauros und Galatas ca. 5 km hinter Nea Epidauros nach Palaia Epidauros (oder Archaia Epidauros) abfahren. Im Ort Richtung Hafen, vor dem Hafen und vor dem lokalen Supermarkt links Richtung Hotel Paola abbiegen.<br \/>\nSonstiges: Internetcaf\u00e9s in Palaia Epidauros.<br \/>\nStand: 04.02.2012<\/p>\n<p><strong>Schinias bei Marathon, Griechenland<br \/>\n<\/strong>Wilder Campingplatz in einem Wald direkt am Meer<\/p>\n<p><a href=\"http:\/\/www.1yearoff.goethepanzer.de\/wp-content\/uploads\/2011\/12\/k-SNV80687.jpg\"><img loading=\"lazy\" decoding=\"async\" class=\"alignnone size-thumbnail wp-image-1636\" title=\"k-SNV80687\" src=\"http:\/\/www.1yearoff.goethepanzer.de\/wp-content\/uploads\/2011\/12\/k-SNV80687-150x150.jpg\" alt=\"\" width=\"150\" height=\"150\" \/><\/a>\u00a0 <a href=\"http:\/\/www.1yearoff.goethepanzer.de\/wp-content\/uploads\/2011\/12\/k-SNV80692.jpg\"><img loading=\"lazy\" decoding=\"async\" class=\"alignnone size-thumbnail wp-image-1637\" title=\"k-SNV80692\" src=\"http:\/\/www.1yearoff.goethepanzer.de\/wp-content\/uploads\/2011\/12\/k-SNV80692-150x150.jpg\" alt=\"\" width=\"150\" height=\"150\" \/><\/a>\u00a0 <a href=\"http:\/\/www.1yearoff.goethepanzer.de\/wp-content\/uploads\/2011\/12\/k-SNV80693.jpg\"><img loading=\"lazy\" decoding=\"async\" class=\"alignnone size-thumbnail wp-image-1638\" title=\"k-SNV80693\" src=\"http:\/\/www.1yearoff.goethepanzer.de\/wp-content\/uploads\/2011\/12\/k-SNV80693-150x150.jpg\" alt=\"\" width=\"150\" height=\"150\" \/><\/a> \u00a0<a href=\"http:\/\/www.1yearoff.goethepanzer.de\/wp-content\/uploads\/2011\/12\/k-SNV80695.jpg\"><img loading=\"lazy\" decoding=\"async\" class=\"alignnone size-thumbnail wp-image-1639\" title=\"k-SNV80695\" src=\"http:\/\/www.1yearoff.goethepanzer.de\/wp-content\/uploads\/2011\/12\/k-SNV80695-150x150.jpg\" alt=\"\" width=\"150\" height=\"150\" \/><\/a><\/p>\n<p>Geodaten: <a href=\"http:\/\/maps.google.de\/maps?q=38.143214,24.044661\" target=\"_blank\">38.143214,24.044661<\/a><br \/>\nVorz\u00fcge: Standplatz direkt am Meer, sehr langer Sandstrand mit dahinterliegendem Wald, viel Schatten, Lagerfeuer am Strand m\u00f6glich, viel Totholz, M\u00fclltonnen, Wasser an einer Stranddusche an einer Taverne, sehr sauber, mehrere Strandtavernen und Restaurants an der Stra\u00dfe hinter dem Wald.<br \/>\nNachteile: keine Entsorgungsm\u00f6glichkeit f\u00fcr Toiletten (Buddeln im Wald schafft jedoch Abhilfe).<br \/>\nAnfahrtsbeschreibung: Bei Marathon Richtung Schinias fahren, in Schinias die Stra\u00dfe parallel zum Strand finden.<br \/>\nSonstiges: Freies WiFi in Marathon am Rathaus.<br \/>\nStand: 14.02.2012<\/p>\n","protected":false},"excerpt":{"rendered":"<p>Odysse&#8217;s Bay, Valanidorachi, Griechenland Wilder, tolerierter Campingplatz direkt am Meer \u00a0 \u00a0 \u00a0 Geodaten: 39.216561,20.486999 Vorz\u00fcge: einfache Zufahrt, 10-20 Meter vom Stellplatz zum Wasser, Sandstrand, viel Platz, M\u00f6glichkeiten f\u00fcr Lagerfeuer auf dem Strand, Totholz schwierig zu finden, M\u00fclltonnen, Strandbar, mehrere &hellip; <a href=\"http:\/\/www.1yearoff.karstenmontag.de\/?page_id=1044\">Weiterlesen <span class=\"meta-nav\">&rarr;<\/span><\/a><\/p>\n","protected":false},"author":1,"featured_media":0,"parent":0,"menu_order":0,"comment_status":"open","ping_status":"open","template":"","meta":{"footnotes":""},"class_list":["post-1044","page","type-page","status-publish","hentry"],"_links":{"self":[{"href":"http:\/\/www.1yearoff.karstenmontag.de\/index.php?rest_route=\/wp\/v2\/pages\/1044","targetHints":{"allow":["GET"]}}],"collection":[{"href":"http:\/\/www.1yearoff.karstenmontag.de\/index.php?rest_route=\/wp\/v2\/pages"}],"about":[{"href":"http:\/\/www.1yearoff.karstenmontag.de\/index.php?rest_route=\/wp\/v2\/types\/page"}],"author":[{"embeddable":true,"href":"http:\/\/www.1yearoff.karstenmontag.de\/index.php?rest_route=\/wp\/v2\/users\/1"}],"replies":[{"embeddable":true,"href":"http:\/\/www.1yearoff.karstenmontag.de\/index.php?rest_route=%2Fwp%2Fv2%2Fcomments&post=1044"}],"version-history":[{"count":19,"href":"http:\/\/www.1yearoff.karstenmontag.de\/index.php?rest_route=\/wp\/v2\/pages\/1044\/revisions"}],"predecessor-version":[{"id":1064,"href":"http:\/\/www.1yearoff.karstenmontag.de\/index.php?rest_route=\/wp\/v2\/pages\/1044\/revisions\/1064"}],"wp:attachment":[{"href":"http:\/\/www.1yearoff.karstenmontag.de\/index.php?rest_route=%2Fwp%2Fv2%2Fmedia&parent=1044"}],"curies":[{"name":"wp","href":"https:\/\/api.w.org\/{rel}","templated":true}]}}